{"id":84,"date":"2025-09-26T23:20:21","date_gmt":"2025-09-27T05:20:21","guid":{"rendered":"https:\/\/macii.uaz.edu.mx\/?page_id=84"},"modified":"2025-09-26T23:23:11","modified_gmt":"2025-09-27T05:23:11","slug":"perfil-de-ingreso-y-egreso","status":"publish","type":"page","link":"https:\/\/macii.uaz.edu.mx\/?page_id=84","title":{"rendered":"Perfil de ingreso y egreso"},"content":{"rendered":"\t\t<div data-elementor-type=\"wp-page\" data-elementor-id=\"84\" class=\"elementor elementor-84\">\n\t\t\t\t<div class=\"elementor-element elementor-element-86525c5 e-flex e-con-boxed e-con e-parent\" data-id=\"86525c5\" data-element_type=\"container\" data-e-type=\"container\">\n\t\t\t\t\t<div class=\"e-con-inner\">\n\t\t\t\t<div class=\"elementor-element elementor-element-08069ef elementor-widget elementor-widget-heading\" data-id=\"08069ef\" data-element_type=\"widget\" data-e-type=\"widget\" data-widget_type=\"heading.default\">\n\t\t\t\t\t<h2 class=\"elementor-heading-title elementor-size-default\">Perfil de Ingreso y Egreso<\/h2>\t\t\t\t<\/div>\n\t\t\t\t<div class=\"elementor-element elementor-element-659c09d elementor-widget-divider--view-line elementor-widget elementor-widget-divider\" data-id=\"659c09d\" data-element_type=\"widget\" data-e-type=\"widget\" data-widget_type=\"divider.default\">\n\t\t\t\t\t\t\t<div class=\"elementor-divider\">\n\t\t\t<span class=\"elementor-divider-separator\">\n\t\t\t\t\t\t<\/span>\n\t\t<\/div>\n\t\t\t\t\t\t<\/div>\n\t\t\t\t\t<\/div>\n\t\t\t\t<\/div>\n\t\t<div class=\"elementor-element elementor-element-adc4059 e-flex e-con-boxed e-con e-parent\" data-id=\"adc4059\" data-element_type=\"container\" data-e-type=\"container\">\n\t\t\t\t\t<div class=\"e-con-inner\">\n\t\t<div class=\"elementor-element elementor-element-97b3a55 e-grid e-con-full e-con e-child\" data-id=\"97b3a55\" data-element_type=\"container\" data-e-type=\"container\">\n\t\t\t\t<div class=\"elementor-element elementor-element-fafabb8 elementor-widget elementor-widget-heading\" data-id=\"fafabb8\" data-element_type=\"widget\" data-e-type=\"widget\" data-widget_type=\"heading.default\">\n\t\t\t\t\t<h2 class=\"elementor-heading-title elementor-size-default\">Ingreso<\/h2>\t\t\t\t<\/div>\n\t\t\t\t<div class=\"elementor-element elementor-element-5e63466 elementor-widget elementor-widget-heading\" data-id=\"5e63466\" data-element_type=\"widget\" data-e-type=\"widget\" data-widget_type=\"heading.default\">\n\t\t\t\t\t<h2 class=\"elementor-heading-title elementor-size-default\">Egreso<\/h2>\t\t\t\t<\/div>\n\t\t\t\t<\/div>\n\t\t\t\t\t<\/div>\n\t\t\t\t<\/div>\n\t\t<div class=\"elementor-element elementor-element-c25d7fa e-flex e-con-boxed e-con e-parent\" data-id=\"c25d7fa\" data-element_type=\"container\" data-e-type=\"container\">\n\t\t\t\t\t<div class=\"e-con-inner\">\n\t\t<div class=\"elementor-element elementor-element-e5d0383 e-grid e-con-full e-con e-child\" data-id=\"e5d0383\" data-element_type=\"container\" data-e-type=\"container\">\n\t\t\t\t<div class=\"elementor-element elementor-element-5a8e2cf elementor-widget elementor-widget-text-editor\" data-id=\"5a8e2cf\" data-element_type=\"widget\" data-e-type=\"widget\" data-widget_type=\"text-editor.default\">\n\t\t\t\t\t\t\t\t\t<p>Haber realizado sus estudios de licenciatura en ingenier\u00eda o en alg\u00fan \u00e1rea af\u00edn con un promedio m\u00ednimo de 8 (en escala de 0 a 10) o su equivalente. Ser un profesionista dedicado, responsable, tener capacidad para el trabajo individual y en equipo, con conocimientos del idioma ingl\u00e9s a nivel lectura, traducci\u00f3n y comprensi\u00f3n. En el caso de extranjeros deber\u00e1 demostrar el dominio del idioma espa\u00f1ol.<\/p>\t\t\t\t\t\t\t\t<\/div>\n\t\t\t\t<div class=\"elementor-element elementor-element-e2eb4ab elementor-widget elementor-widget-text-editor\" data-id=\"e2eb4ab\" data-element_type=\"widget\" data-e-type=\"widget\" data-widget_type=\"text-editor.default\">\n\t\t\t\t\t\t\t\t\t<p>El egresado de la Maestr\u00eda en Ciencias de la Ingenier\u00eda en sus dos orientaciones: Energ\u00edas Renovables y Ciencias Ambientales (ERCA), y Procesamiento de Se\u00f1ales y Mecatr\u00f3nica (PSM), contar\u00e1 con los siguientes conocimientos, habilidades y competencias:<\/p><ul><li>Conocimientos en el \u00e1rea de su orientaci\u00f3n que le confiera capacidad para identificar y proponer soluciones a problemas cient\u00edficos y tecnol\u00f3gicos.<\/li><li>Capacidad para realizar investigaci\u00f3n cient\u00edfica y desarrollo tecnol\u00f3gico que permita generar conocimiento y plasmarlo en la forma de art\u00edculos y\/o presentaciones en foros profesionales, adem\u00e1s de resolver problemas de su entorno espec\u00edfico de competencia.<\/li><li>Profesional \u00edntegro y con alto sentido de compromiso con la sociedad, dentro de las l\u00edneas de investigaci\u00f3n desarrolladas en su orientaci\u00f3n.<\/li><li>Participar en trabajos multidisciplinarios de investigaci\u00f3n cient\u00edfica y tecnol\u00f3gica, aplicando sus conocimientos y metodolog\u00edas de forma original e innovadora, y fomentando la vinculaci\u00f3n con el sector productivo local y nacional.<\/li><li>Capacidad de desempe\u00f1arse en instituciones de educaci\u00f3n superior o de integraci\u00f3n y desempe\u00f1o en el sector industrial.<\/li><li>Poseedor de las herramientas acad\u00e9micas y conocimientos suficientes para continuar con estudios de doctorado.<\/li><\/ul>\t\t\t\t\t\t\t\t<\/div>\n\t\t\t\t<\/div>\n\t\t\t\t\t<\/div>\n\t\t\t\t<\/div>\n\t\t\t\t<\/div>\n\t\t","protected":false},"excerpt":{"rendered":"<p>Perfil de Ingreso y Egreso Ingreso Egreso Haber realizado sus estudios de licenciatura en ingenier\u00eda o en alg\u00fan \u00e1rea af\u00edn con un promedio m\u00ednimo de 8 (en escala de 0 a 10) o su equivalente. Ser un profesionista dedicado, responsable, tener capacidad para el trabajo individual y en equipo, con conocimientos del idioma ingl\u00e9s a <a class=\"read-more\" href=\"https:\/\/macii.uaz.edu.mx\/?page_id=84\">Read More<\/a><\/p>\n","protected":false},"author":1,"featured_media":0,"parent":0,"menu_order":0,"comment_status":"closed","ping_status":"closed","template":"","meta":{"footnotes":""},"class_list":["post-84","page","type-page","status-publish","hentry"],"_links":{"self":[{"href":"https:\/\/macii.uaz.edu.mx\/index.php?rest_route=\/wp\/v2\/pages\/84","targetHints":{"allow":["GET"]}}],"collection":[{"href":"https:\/\/macii.uaz.edu.mx\/index.php?rest_route=\/wp\/v2\/pages"}],"about":[{"href":"https:\/\/macii.uaz.edu.mx\/index.php?rest_route=\/wp\/v2\/types\/page"}],"author":[{"embeddable":true,"href":"https:\/\/macii.uaz.edu.mx\/index.php?rest_route=\/wp\/v2\/users\/1"}],"replies":[{"embeddable":true,"href":"https:\/\/macii.uaz.edu.mx\/index.php?rest_route=%2Fwp%2Fv2%2Fcomments&post=84"}],"version-history":[{"count":13,"href":"https:\/\/macii.uaz.edu.mx\/index.php?rest_route=\/wp\/v2\/pages\/84\/revisions"}],"predecessor-version":[{"id":97,"href":"https:\/\/macii.uaz.edu.mx\/index.php?rest_route=\/wp\/v2\/pages\/84\/revisions\/97"}],"wp:attachment":[{"href":"https:\/\/macii.uaz.edu.mx\/index.php?rest_route=%2Fwp%2Fv2%2Fmedia&parent=84"}],"curies":[{"name":"wp","href":"https:\/\/api.w.org\/{rel}","templated":true}]}}