{"id":70,"date":"2025-09-26T12:45:39","date_gmt":"2025-09-26T18:45:39","guid":{"rendered":"https:\/\/macii.uaz.edu.mx\/?page_id=70"},"modified":"2025-09-26T12:47:36","modified_gmt":"2025-09-26T18:47:36","slug":"metas","status":"publish","type":"page","link":"https:\/\/macii.uaz.edu.mx\/?page_id=70","title":{"rendered":"Metas"},"content":{"rendered":"\t\t<div data-elementor-type=\"wp-page\" data-elementor-id=\"70\" class=\"elementor elementor-70\">\n\t\t\t\t<div class=\"elementor-element elementor-element-bafe828 e-flex e-con-boxed e-con e-parent\" data-id=\"bafe828\" data-element_type=\"container\" data-e-type=\"container\">\n\t\t\t\t\t<div class=\"e-con-inner\">\n\t\t\t\t<div class=\"elementor-element elementor-element-0e9db6e elementor-widget elementor-widget-heading\" data-id=\"0e9db6e\" data-element_type=\"widget\" data-e-type=\"widget\" data-widget_type=\"heading.default\">\n\t\t\t\t\t<h2 class=\"elementor-heading-title elementor-size-default\">Metas<\/h2>\t\t\t\t<\/div>\n\t\t\t\t<div class=\"elementor-element elementor-element-7d2f579 elementor-widget-divider--view-line elementor-widget elementor-widget-divider\" data-id=\"7d2f579\" data-element_type=\"widget\" data-e-type=\"widget\" data-widget_type=\"divider.default\">\n\t\t\t\t\t\t\t<div class=\"elementor-divider\">\n\t\t\t<span class=\"elementor-divider-separator\">\n\t\t\t\t\t\t<\/span>\n\t\t<\/div>\n\t\t\t\t\t\t<\/div>\n\t\t\t\t\t<\/div>\n\t\t\t\t<\/div>\n\t\t<div class=\"elementor-element elementor-element-5f9e2f9 e-flex e-con-boxed e-con e-parent\" data-id=\"5f9e2f9\" data-element_type=\"container\" data-e-type=\"container\">\n\t\t\t\t\t<div class=\"e-con-inner\">\n\t\t\t\t<div class=\"elementor-element elementor-element-e25017c elementor-widget elementor-widget-text-editor\" data-id=\"e25017c\" data-element_type=\"widget\" data-e-type=\"widget\" data-widget_type=\"text-editor.default\">\n\t\t\t\t\t\t\t\t\t<ul><li>Garantizar que el 100% de los estudiantes egresados presenten trabajos en congresos para dar la difusi\u00f3n de los trabajos de investigaci\u00f3n realizados.<\/li><li>Dar seguimiento al 100% de los alumnos durante sus estudios de maestr\u00eda.<\/li><li>Disminuir la deserci\u00f3n de tal forma que permita tener una eficiencia terminal de al menos del 60% por cohorte generacional.<\/li><li>Llevar a cabo una revisi\u00f3n curricular bianual del Plan de estudios.<\/li><li>Egresar alumnos que coadyuven en la soluci\u00f3n de problemas de la regi\u00f3n.<\/li><li>Identificar \u00e1reas de oportunidad.<br \/>Tener un programa que ofrezca las herramientas y metodolog\u00edas acad\u00e9micas que coadyuven en el desarrollo de temas de investigaci\u00f3n con impacto en problemas regionales y nacionales.<\/li><li>Formar cuatro generaciones de profesionistas de alto desempe\u00f1o con impacto en demandas espec\u00edficas de la regi\u00f3n y del pa\u00eds.<\/li><\/ul>\t\t\t\t\t\t\t\t<\/div>\n\t\t\t\t\t<\/div>\n\t\t\t\t<\/div>\n\t\t\t\t<\/div>\n\t\t","protected":false},"excerpt":{"rendered":"<p>Metas Garantizar que el 100% de los estudiantes egresados presenten trabajos en congresos para dar la difusi\u00f3n de los trabajos de investigaci\u00f3n realizados. Dar seguimiento al 100% de los alumnos durante sus estudios de maestr\u00eda. Disminuir la deserci\u00f3n de tal forma que permita tener una eficiencia terminal de al menos del 60% por cohorte generacional. <a class=\"read-more\" href=\"https:\/\/macii.uaz.edu.mx\/?page_id=70\">Read More<\/a><\/p>\n","protected":false},"author":1,"featured_media":0,"parent":0,"menu_order":0,"comment_status":"closed","ping_status":"closed","template":"","meta":{"footnotes":""},"class_list":["post-70","page","type-page","status-publish","hentry"],"_links":{"self":[{"href":"https:\/\/macii.uaz.edu.mx\/index.php?rest_route=\/wp\/v2\/pages\/70","targetHints":{"allow":["GET"]}}],"collection":[{"href":"https:\/\/macii.uaz.edu.mx\/index.php?rest_route=\/wp\/v2\/pages"}],"about":[{"href":"https:\/\/macii.uaz.edu.mx\/index.php?rest_route=\/wp\/v2\/types\/page"}],"author":[{"embeddable":true,"href":"https:\/\/macii.uaz.edu.mx\/index.php?rest_route=\/wp\/v2\/users\/1"}],"replies":[{"embeddable":true,"href":"https:\/\/macii.uaz.edu.mx\/index.php?rest_route=%2Fwp%2Fv2%2Fcomments&post=70"}],"version-history":[{"count":7,"href":"https:\/\/macii.uaz.edu.mx\/index.php?rest_route=\/wp\/v2\/pages\/70\/revisions"}],"predecessor-version":[{"id":80,"href":"https:\/\/macii.uaz.edu.mx\/index.php?rest_route=\/wp\/v2\/pages\/70\/revisions\/80"}],"wp:attachment":[{"href":"https:\/\/macii.uaz.edu.mx\/index.php?rest_route=%2Fwp%2Fv2%2Fmedia&parent=70"}],"curies":[{"name":"wp","href":"https:\/\/api.w.org\/{rel}","templated":true}]}}