{"id":237,"date":"2025-10-01T14:36:12","date_gmt":"2025-10-01T20:36:12","guid":{"rendered":"https:\/\/macii.uaz.edu.mx\/?page_id=237"},"modified":"2025-11-12T13:41:33","modified_gmt":"2025-11-12T19:41:33","slug":"personal-docente-psm","status":"publish","type":"page","link":"https:\/\/macii.uaz.edu.mx\/?page_id=237","title":{"rendered":"Personal Docente PSM"},"content":{"rendered":"\t\t<div data-elementor-type=\"wp-page\" data-elementor-id=\"237\" class=\"elementor elementor-237\">\n\t\t\t\t<div class=\"elementor-element elementor-element-f80e673 e-flex e-con-boxed e-con e-parent\" data-id=\"f80e673\" data-element_type=\"container\" data-e-type=\"container\">\n\t\t\t\t\t<div class=\"e-con-inner\">\n\t\t\t\t<div class=\"elementor-element elementor-element-eb62739 elementor-widget elementor-widget-heading\" data-id=\"eb62739\" data-element_type=\"widget\" data-e-type=\"widget\" data-widget_type=\"heading.default\">\n\t\t\t\t\t<h2 class=\"elementor-heading-title elementor-size-default\">Personal Docente PSM<\/h2>\t\t\t\t<\/div>\n\t\t\t\t<div class=\"elementor-element elementor-element-b15a494 elementor-widget-divider--view-line elementor-widget elementor-widget-divider\" data-id=\"b15a494\" data-element_type=\"widget\" data-e-type=\"widget\" data-widget_type=\"divider.default\">\n\t\t\t\t\t\t\t<div class=\"elementor-divider\">\n\t\t\t<span class=\"elementor-divider-separator\">\n\t\t\t\t\t\t<\/span>\n\t\t<\/div>\n\t\t\t\t\t\t<\/div>\n\t\t\t\t\t<\/div>\n\t\t\t\t<\/div>\n\t\t<div class=\"elementor-element elementor-element-337941f e-flex e-con-boxed e-con e-parent\" data-id=\"337941f\" data-element_type=\"container\" data-e-type=\"container\">\n\t\t\t\t\t<div class=\"e-con-inner\">\n\t\t<div class=\"elementor-element elementor-element-af5ec7b e-grid e-con-full e-con e-child\" data-id=\"af5ec7b\" data-element_type=\"container\" data-e-type=\"container\">\n\t\t\t\t<div class=\"elementor-element elementor-element-16ced51 elementor-widget elementor-widget-heading\" data-id=\"16ced51\" data-element_type=\"widget\" data-e-type=\"widget\" data-widget_type=\"heading.default\">\n\t\t\t\t\t<h4 class=\"elementor-heading-title elementor-size-default\">Dra. Ma. Auxiliadora Araiza Esquivel<br>SNII I<\/h4>\t\t\t\t<\/div>\n\t\t\t\t<div class=\"elementor-element elementor-element-c44fb6e elementor-widget elementor-widget-heading\" data-id=\"c44fb6e\" data-element_type=\"widget\" data-e-type=\"widget\" data-widget_type=\"heading.default\">\n\t\t\t\t\t<h4 class=\"elementor-heading-title elementor-size-default\">Dr. Carlos Alberto Olvera Olverar<br>SNII II<\/h4>\t\t\t\t<\/div>\n\t\t\t\t<div class=\"elementor-element elementor-element-a797a61 elementor-widget elementor-widget-heading\" data-id=\"a797a61\" data-element_type=\"widget\" data-e-type=\"widget\" data-widget_type=\"heading.default\">\n\t\t\t\t\t<h4 class=\"elementor-heading-title elementor-size-default\">Dr. Germ\u00e1n D\u00edaz Flores<br>SNII II<\/h4>\t\t\t\t<\/div>\n\t\t\t\t<div class=\"elementor-element elementor-element-d9dccac elementor-widget elementor-widget-heading\" data-id=\"d9dccac\" data-element_type=\"widget\" data-e-type=\"widget\" data-widget_type=\"heading.default\">\n\t\t\t\t\t<h4 class=\"elementor-heading-title elementor-size-default\"> Dra. Diana Isabel Ortiz Esquivel <br>SNII I<\/h4>\t\t\t\t<\/div>\n\t\t\t\t<div class=\"elementor-element elementor-element-d115f83 elementor-widget elementor-widget-heading\" data-id=\"d115f83\" data-element_type=\"widget\" data-e-type=\"widget\" data-widget_type=\"heading.default\">\n\t\t\t\t\t<h4 class=\"elementor-heading-title elementor-size-default\">Dr. Alfonso L\u00f3pez Mart\u00ednez<\/h4>\t\t\t\t<\/div>\n\t\t\t\t<div class=\"elementor-element elementor-element-1e40d1e elementor-widget elementor-widget-heading\" data-id=\"1e40d1e\" data-element_type=\"widget\" data-e-type=\"widget\" data-widget_type=\"heading.default\">\n\t\t\t\t\t<h4 class=\"elementor-heading-title elementor-size-default\">M.I.A. Santiago Villagrana Barraza<\/h4>\t\t\t\t<\/div>\n\t\t\t\t<div class=\"elementor-element elementor-element-84763ff elementor-widget elementor-widget-heading\" data-id=\"84763ff\" data-element_type=\"widget\" data-e-type=\"widget\" data-widget_type=\"heading.default\">\n\t\t\t\t\t<h4 class=\"elementor-heading-title elementor-size-default\">Dr. Manuel de Jes\u00fas L\u00f3pez Mart\u00ednez<\/h4>\t\t\t\t<\/div>\n\t\t\t\t<div class=\"elementor-element elementor-element-b45bbb3 elementor-widget elementor-widget-heading\" data-id=\"b45bbb3\" data-element_type=\"widget\" data-e-type=\"widget\" data-widget_type=\"heading.default\">\n\t\t\t\t\t<h4 class=\"elementor-heading-title elementor-size-default\">M.I.A. Carlos H\u00e9ctor Casta\u00f1eda Ram\u00edrez<\/h4>\t\t\t\t<\/div>\n\t\t\t\t<\/div>\n\t\t\t\t\t<\/div>\n\t\t\t\t<\/div>\n\t\t\t\t<\/div>\n\t\t","protected":false},"excerpt":{"rendered":"<p>Personal Docente PSM Dra. Ma. Auxiliadora Araiza EsquivelSNII I Dr. Carlos Alberto Olvera OlverarSNII II Dr. Germ\u00e1n D\u00edaz FloresSNII II Dra. Diana Isabel Ortiz Esquivel SNII I Dr. Alfonso L\u00f3pez Mart\u00ednez M.I.A. Santiago Villagrana Barraza Dr. Manuel de Jes\u00fas L\u00f3pez Mart\u00ednez M.I.A. Carlos H\u00e9ctor Casta\u00f1eda Ram\u00edrez<\/p>\n","protected":false},"author":1,"featured_media":0,"parent":0,"menu_order":0,"comment_status":"closed","ping_status":"closed","template":"","meta":{"footnotes":""},"class_list":["post-237","page","type-page","status-publish","hentry"],"_links":{"self":[{"href":"https:\/\/macii.uaz.edu.mx\/index.php?rest_route=\/wp\/v2\/pages\/237","targetHints":{"allow":["GET"]}}],"collection":[{"href":"https:\/\/macii.uaz.edu.mx\/index.php?rest_route=\/wp\/v2\/pages"}],"about":[{"href":"https:\/\/macii.uaz.edu.mx\/index.php?rest_route=\/wp\/v2\/types\/page"}],"author":[{"embeddable":true,"href":"https:\/\/macii.uaz.edu.mx\/index.php?rest_route=\/wp\/v2\/users\/1"}],"replies":[{"embeddable":true,"href":"https:\/\/macii.uaz.edu.mx\/index.php?rest_route=%2Fwp%2Fv2%2Fcomments&post=237"}],"version-history":[{"count":43,"href":"https:\/\/macii.uaz.edu.mx\/index.php?rest_route=\/wp\/v2\/pages\/237\/revisions"}],"predecessor-version":[{"id":425,"href":"https:\/\/macii.uaz.edu.mx\/index.php?rest_route=\/wp\/v2\/pages\/237\/revisions\/425"}],"wp:attachment":[{"href":"https:\/\/macii.uaz.edu.mx\/index.php?rest_route=%2Fwp%2Fv2%2Fmedia&parent=237"}],"curies":[{"name":"wp","href":"https:\/\/api.w.org\/{rel}","templated":true}]}}