{"id":235,"date":"2025-10-01T14:35:26","date_gmt":"2025-10-01T20:35:26","guid":{"rendered":"https:\/\/macii.uaz.edu.mx\/?page_id=235"},"modified":"2025-10-01T14:43:32","modified_gmt":"2025-10-01T20:43:32","slug":"lgac-psm-2","status":"publish","type":"page","link":"https:\/\/macii.uaz.edu.mx\/?page_id=235","title":{"rendered":"LGAC PSM"},"content":{"rendered":"\t\t<div data-elementor-type=\"wp-page\" data-elementor-id=\"235\" class=\"elementor elementor-235\">\n\t\t\t\t<div class=\"elementor-element elementor-element-4a7598c e-flex e-con-boxed e-con e-parent\" data-id=\"4a7598c\" data-element_type=\"container\" data-e-type=\"container\">\n\t\t\t\t\t<div class=\"e-con-inner\">\n\t\t\t\t<div class=\"elementor-element elementor-element-174f803 elementor-widget elementor-widget-heading\" data-id=\"174f803\" data-element_type=\"widget\" data-e-type=\"widget\" data-widget_type=\"heading.default\">\n\t\t\t\t\t<h2 class=\"elementor-heading-title elementor-size-default\">LGAC PSM<\/h2>\t\t\t\t<\/div>\n\t\t\t\t<div class=\"elementor-element elementor-element-d3c2cd1 elementor-widget-divider--view-line elementor-widget elementor-widget-divider\" data-id=\"d3c2cd1\" data-element_type=\"widget\" data-e-type=\"widget\" data-widget_type=\"divider.default\">\n\t\t\t\t\t\t\t<div class=\"elementor-divider\">\n\t\t\t<span class=\"elementor-divider-separator\">\n\t\t\t\t\t\t<\/span>\n\t\t<\/div>\n\t\t\t\t\t\t<\/div>\n\t\t\t\t\t<\/div>\n\t\t\t\t<\/div>\n\t\t<div class=\"elementor-element elementor-element-93e09b0 e-flex e-con-boxed e-con e-parent\" data-id=\"93e09b0\" data-element_type=\"container\" data-e-type=\"container\">\n\t\t\t\t\t<div class=\"e-con-inner\">\n\t\t\t\t<div class=\"elementor-element elementor-element-57b5fe9 elementor-widget elementor-widget-text-editor\" data-id=\"57b5fe9\" data-element_type=\"widget\" data-e-type=\"widget\" data-widget_type=\"text-editor.default\">\n\t\t\t\t\t\t\t\t\t<h3><strong>L\u00ednea de Investigaci\u00f3n General<\/strong><\/h3><ul><li>Procesamiento de Se\u00f1ales y Mecatr\u00f3nica<\/li><\/ul><h3><strong>L\u00edneas de Investigaci\u00f3n Particulares<\/strong><\/h3><ul><li>Procesamiento Digital de Se\u00f1ales,<\/li><li>Procesamiento Digital de Im\u00e1genes,<\/li><li>Procesamiento de Se\u00f1ales \u00d3pticas<\/li><li>Mecatr\u00f3nica.<\/li><li>Biomecatr\u00f3nica.<\/li><\/ul>\t\t\t\t\t\t\t\t<\/div>\n\t\t\t\t\t<\/div>\n\t\t\t\t<\/div>\n\t\t\t\t<\/div>\n\t\t","protected":false},"excerpt":{"rendered":"<p>LGAC PSM L\u00ednea de Investigaci\u00f3n General Procesamiento de Se\u00f1ales y Mecatr\u00f3nica L\u00edneas de Investigaci\u00f3n Particulares Procesamiento Digital de Se\u00f1ales, Procesamiento Digital de Im\u00e1genes, Procesamiento de Se\u00f1ales \u00d3pticas Mecatr\u00f3nica. Biomecatr\u00f3nica.<\/p>\n","protected":false},"author":1,"featured_media":0,"parent":0,"menu_order":0,"comment_status":"closed","ping_status":"closed","template":"","meta":{"footnotes":""},"class_list":["post-235","page","type-page","status-publish","hentry"],"_links":{"self":[{"href":"https:\/\/macii.uaz.edu.mx\/index.php?rest_route=\/wp\/v2\/pages\/235","targetHints":{"allow":["GET"]}}],"collection":[{"href":"https:\/\/macii.uaz.edu.mx\/index.php?rest_route=\/wp\/v2\/pages"}],"about":[{"href":"https:\/\/macii.uaz.edu.mx\/index.php?rest_route=\/wp\/v2\/types\/page"}],"author":[{"embeddable":true,"href":"https:\/\/macii.uaz.edu.mx\/index.php?rest_route=\/wp\/v2\/users\/1"}],"replies":[{"embeddable":true,"href":"https:\/\/macii.uaz.edu.mx\/index.php?rest_route=%2Fwp%2Fv2%2Fcomments&post=235"}],"version-history":[{"count":4,"href":"https:\/\/macii.uaz.edu.mx\/index.php?rest_route=\/wp\/v2\/pages\/235\/revisions"}],"predecessor-version":[{"id":246,"href":"https:\/\/macii.uaz.edu.mx\/index.php?rest_route=\/wp\/v2\/pages\/235\/revisions\/246"}],"wp:attachment":[{"href":"https:\/\/macii.uaz.edu.mx\/index.php?rest_route=%2Fwp%2Fv2%2Fmedia&parent=235"}],"curies":[{"name":"wp","href":"https:\/\/api.w.org\/{rel}","templated":true}]}}