{"id":229,"date":"2025-10-01T14:31:59","date_gmt":"2025-10-01T20:31:59","guid":{"rendered":"https:\/\/macii.uaz.edu.mx\/?page_id=229"},"modified":"2025-10-01T14:46:06","modified_gmt":"2025-10-01T20:46:06","slug":"lgac-psm","status":"publish","type":"page","link":"https:\/\/macii.uaz.edu.mx\/?page_id=229","title":{"rendered":"Plan de Estudios PSM"},"content":{"rendered":"\t\t<div data-elementor-type=\"wp-page\" data-elementor-id=\"229\" class=\"elementor elementor-229\">\n\t\t\t\t<div class=\"elementor-element elementor-element-31adb80 e-flex e-con-boxed e-con e-parent\" data-id=\"31adb80\" data-element_type=\"container\" data-e-type=\"container\">\n\t\t\t\t\t<div class=\"e-con-inner\">\n\t\t\t\t<div class=\"elementor-element elementor-element-ca4ce89 elementor-widget elementor-widget-heading\" data-id=\"ca4ce89\" data-element_type=\"widget\" data-e-type=\"widget\" data-widget_type=\"heading.default\">\n\t\t\t\t\t<h2 class=\"elementor-heading-title elementor-size-default\">Plan de Estudios PSM<\/h2>\t\t\t\t<\/div>\n\t\t\t\t<div class=\"elementor-element elementor-element-27b61db elementor-widget-divider--view-line elementor-widget elementor-widget-divider\" data-id=\"27b61db\" data-element_type=\"widget\" data-e-type=\"widget\" data-widget_type=\"divider.default\">\n\t\t\t\t\t\t\t<div class=\"elementor-divider\">\n\t\t\t<span class=\"elementor-divider-separator\">\n\t\t\t\t\t\t<\/span>\n\t\t<\/div>\n\t\t\t\t\t\t<\/div>\n\t\t\t\t\t<\/div>\n\t\t\t\t<\/div>\n\t\t<div class=\"elementor-element elementor-element-e57ada1 e-flex e-con-boxed e-con e-parent\" data-id=\"e57ada1\" data-element_type=\"container\" data-e-type=\"container\">\n\t\t\t\t\t<div class=\"e-con-inner\">\n\t\t\t\t<div class=\"elementor-element elementor-element-18db986 elementor-widget elementor-widget-text-editor\" data-id=\"18db986\" data-element_type=\"widget\" data-e-type=\"widget\" data-widget_type=\"text-editor.default\">\n\t\t\t\t\t\t\t\t\t<p>Cursos Avanzados<\/p><div class=\"list-group-item\"><ul><li type=\"disc\">Matem\u00e1ticas Avanzadas<\/li><\/ul><\/div><p>Cursos Complementarios<\/p><div class=\"list-group-item\"><ul><li type=\"disc\">Se\u00f1ales y Sistemas<\/li><\/ul><\/div><p>T\u00f3picos Selectos<\/p><div class=\"list-group-item\"><ul><li type=\"disc\">Biomecatr\u00f3nica<\/li><li type=\"disc\">Dise\u00f1o Electr\u00f3nico Avanzado<\/li><li type=\"disc\">Dise\u00f1o Mec\u00e1nico<\/li><li type=\"disc\">Dise\u00f1o Mecatr\u00f3nico<\/li><li type=\"disc\">Matem\u00e1ticas Discretas<\/li><li type=\"disc\">M\u00e9todos Modernos de An\u00e1lisis Espectral<\/li><li type=\"disc\">M\u00e9todos Num\u00e9ricos Avanzados<\/li><li type=\"disc\">\u00d3ptica F\u00edsica<\/li><li type=\"disc\">Procesamiento Digital de Im\u00e1genes<\/li><li type=\"disc\">Procesos Estoc\u00e1sticos y Optimizaci\u00f3n<\/li><li type=\"disc\">Programaci\u00f3n Avanzada<\/li><li type=\"disc\">Redes Neuronales<\/li><li type=\"disc\">Sistemas Lineales<\/li><li type=\"disc\">T\u00e9cnicas \u00d3pticas de Medici\u00f3n<\/li><li type=\"disc\">Teor\u00eda del Color.<\/li><li type=\"disc\">T\u00f3picos Selectos Especializados<\/li><\/ul><\/div><p>T\u00f3picos de Especializaci\u00f3n<\/p><div class=\"list-group-item\"><ul><li type=\"disc\">Modelado y Simulaci\u00f3n de Sistemas<\/li><li type=\"disc\">Control Inteligente<\/li><li type=\"disc\">Control Digital<\/li><li type=\"disc\">Curso Avanzado de Procesamiento de Voz<\/li><li type=\"disc\">Estimaci\u00f3n de Estados \u00d3ptimos<\/li><li type=\"disc\">Microcontroladores<\/li><li type=\"disc\">\u00d3ptica<\/li><li type=\"disc\">\u00d3ptica Avanzada<\/li><li type=\"disc\">Programaci\u00f3n de Dispositivos M\u00f3viles<\/li><li type=\"disc\">Procesos de Manufactura Avanzada<\/li><li type=\"disc\">Procesamiento de Se\u00f1ales \u00d3pticas<\/li><li type=\"disc\">Problemas inversos: Identificaci\u00f3n y Deconvoluci\u00f3n<\/li><li type=\"disc\">Procesamiento de Se\u00f1ales Adaptable<\/li><li type=\"disc\">Rob\u00f3tica<\/li><li type=\"disc\">Sistemas Embebidos<\/li><li type=\"disc\">Tema Especial<\/li><li type=\"disc\">Visi\u00f3n Artificial (con Sistemas Embebidos)<\/li><\/ul><\/div>\t\t\t\t\t\t\t\t<\/div>\n\t\t\t\t\t<\/div>\n\t\t\t\t<\/div>\n\t\t\t\t<\/div>\n\t\t","protected":false},"excerpt":{"rendered":"<p>Plan de Estudios PSM Cursos Avanzados Matem\u00e1ticas Avanzadas Cursos Complementarios Se\u00f1ales y Sistemas T\u00f3picos Selectos Biomecatr\u00f3nica Dise\u00f1o Electr\u00f3nico Avanzado Dise\u00f1o Mec\u00e1nico Dise\u00f1o Mecatr\u00f3nico Matem\u00e1ticas Discretas M\u00e9todos Modernos de An\u00e1lisis Espectral M\u00e9todos Num\u00e9ricos Avanzados \u00d3ptica F\u00edsica Procesamiento Digital de Im\u00e1genes Procesos Estoc\u00e1sticos y Optimizaci\u00f3n Programaci\u00f3n Avanzada Redes Neuronales Sistemas Lineales T\u00e9cnicas \u00d3pticas de Medici\u00f3n Teor\u00eda del <a class=\"read-more\" href=\"https:\/\/macii.uaz.edu.mx\/?page_id=229\">Read More<\/a><\/p>\n","protected":false},"author":1,"featured_media":0,"parent":0,"menu_order":0,"comment_status":"closed","ping_status":"closed","template":"","meta":{"footnotes":""},"class_list":["post-229","page","type-page","status-publish","hentry"],"_links":{"self":[{"href":"https:\/\/macii.uaz.edu.mx\/index.php?rest_route=\/wp\/v2\/pages\/229","targetHints":{"allow":["GET"]}}],"collection":[{"href":"https:\/\/macii.uaz.edu.mx\/index.php?rest_route=\/wp\/v2\/pages"}],"about":[{"href":"https:\/\/macii.uaz.edu.mx\/index.php?rest_route=\/wp\/v2\/types\/page"}],"author":[{"embeddable":true,"href":"https:\/\/macii.uaz.edu.mx\/index.php?rest_route=\/wp\/v2\/users\/1"}],"replies":[{"embeddable":true,"href":"https:\/\/macii.uaz.edu.mx\/index.php?rest_route=%2Fwp%2Fv2%2Fcomments&post=229"}],"version-history":[{"count":6,"href":"https:\/\/macii.uaz.edu.mx\/index.php?rest_route=\/wp\/v2\/pages\/229\/revisions"}],"predecessor-version":[{"id":249,"href":"https:\/\/macii.uaz.edu.mx\/index.php?rest_route=\/wp\/v2\/pages\/229\/revisions\/249"}],"wp:attachment":[{"href":"https:\/\/macii.uaz.edu.mx\/index.php?rest_route=%2Fwp%2Fv2%2Fmedia&parent=229"}],"curies":[{"name":"wp","href":"https:\/\/api.w.org\/{rel}","templated":true}]}}