{"id":224,"date":"2025-10-01T14:31:05","date_gmt":"2025-10-01T20:31:05","guid":{"rendered":"https:\/\/macii.uaz.edu.mx\/?page_id=224"},"modified":"2025-10-01T14:41:28","modified_gmt":"2025-10-01T20:41:28","slug":"infraestructura-psm","status":"publish","type":"page","link":"https:\/\/macii.uaz.edu.mx\/?page_id=224","title":{"rendered":"Infraestructura PSM"},"content":{"rendered":"\t\t<div data-elementor-type=\"wp-page\" data-elementor-id=\"224\" class=\"elementor elementor-224\">\n\t\t\t\t<div class=\"elementor-element elementor-element-e94ef72 e-flex e-con-boxed e-con e-parent\" data-id=\"e94ef72\" data-element_type=\"container\" data-e-type=\"container\">\n\t\t\t\t\t<div class=\"e-con-inner\">\n\t\t\t\t<div class=\"elementor-element elementor-element-536dac9 elementor-widget elementor-widget-heading\" data-id=\"536dac9\" data-element_type=\"widget\" data-e-type=\"widget\" data-widget_type=\"heading.default\">\n\t\t\t\t\t<h2 class=\"elementor-heading-title elementor-size-default\">Infraestructura  PSM<\/h2>\t\t\t\t<\/div>\n\t\t\t\t<div class=\"elementor-element elementor-element-8b39de6 elementor-widget-divider--view-line elementor-widget elementor-widget-divider\" data-id=\"8b39de6\" data-element_type=\"widget\" data-e-type=\"widget\" data-widget_type=\"divider.default\">\n\t\t\t\t\t\t\t<div class=\"elementor-divider\">\n\t\t\t<span class=\"elementor-divider-separator\">\n\t\t\t\t\t\t<\/span>\n\t\t<\/div>\n\t\t\t\t\t\t<\/div>\n\t\t\t\t\t<\/div>\n\t\t\t\t<\/div>\n\t\t<div class=\"elementor-element elementor-element-7b83eac e-flex e-con-boxed e-con e-parent\" data-id=\"7b83eac\" data-element_type=\"container\" data-e-type=\"container\">\n\t\t\t\t\t<div class=\"e-con-inner\">\n\t\t\t\t<div class=\"elementor-element elementor-element-25ab2d2 elementor-widget elementor-widget-text-editor\" data-id=\"25ab2d2\" data-element_type=\"widget\" data-e-type=\"widget\" data-widget_type=\"text-editor.default\">\n\t\t\t\t\t\t\t\t\t<p align=\"justify\">La orientaci\u00f3n de Procesamiento de Se\u00f1ales y Mecatr\u00f3nica cuenta con varios laboratorios dentro de los cuales est\u00e1: el laboratorio de Procesamiento de Se\u00f1ales \u00d3pticas e Im\u00e1genes,\u00a0de \u00f3ptica,\u00a0un Laboratorio de Prototipos, dentro de los cuales se cuenta con equipo especializado para el desarrollo de pr\u00e1cticas de licenciatura y de trabajos de investigaci\u00f3n. Se cuenta adem\u00e1s para el desarrollo dise\u00f1o de tarjetas de circuito impreso, equipo especializada para trabajar con dispositivos de nueva generaci\u00f3n como CPLDS y FPGAs, analizadores de Se\u00f1ales, Osciloscopios, Interfer\u00f3metro l\u00e1ser, DMD, CCD\u2019s, etc.<\/p><p align=\"justify\">Otro laboratorio es el de Biomecatr\u00f3nica, en el cual existen unidades de producci\u00f3n bajo ambiente controlado (invernaderos), que han sido base de los desarrollos tecnol\u00f3gicos y publicaciones en esta \u00e1rea, todas estas unidades son de dise\u00f1o y desarrollo propio, cada unidad est\u00e1 equipadas con la tecnolog\u00eda que ha sido desarrollada en la Universidad, se cuenta con dos unidades de producci\u00f3n bajo ambiente controlado, las cuales se encuentran en la Unidad de Producci\u00f3n de Veterinaria.<\/p>\t\t\t\t\t\t\t\t<\/div>\n\t\t\t\t\t<\/div>\n\t\t\t\t<\/div>\n\t\t\t\t<\/div>\n\t\t","protected":false},"excerpt":{"rendered":"<p>Infraestructura PSM La orientaci\u00f3n de Procesamiento de Se\u00f1ales y Mecatr\u00f3nica cuenta con varios laboratorios dentro de los cuales est\u00e1: el laboratorio de Procesamiento de Se\u00f1ales \u00d3pticas e Im\u00e1genes,\u00a0de \u00f3ptica,\u00a0un Laboratorio de Prototipos, dentro de los cuales se cuenta con equipo especializado para el desarrollo de pr\u00e1cticas de licenciatura y de trabajos de investigaci\u00f3n. Se cuenta <a class=\"read-more\" href=\"https:\/\/macii.uaz.edu.mx\/?page_id=224\">Read More<\/a><\/p>\n","protected":false},"author":1,"featured_media":0,"parent":0,"menu_order":0,"comment_status":"closed","ping_status":"closed","template":"","meta":{"footnotes":""},"class_list":["post-224","page","type-page","status-publish","hentry"],"_links":{"self":[{"href":"https:\/\/macii.uaz.edu.mx\/index.php?rest_route=\/wp\/v2\/pages\/224","targetHints":{"allow":["GET"]}}],"collection":[{"href":"https:\/\/macii.uaz.edu.mx\/index.php?rest_route=\/wp\/v2\/pages"}],"about":[{"href":"https:\/\/macii.uaz.edu.mx\/index.php?rest_route=\/wp\/v2\/types\/page"}],"author":[{"embeddable":true,"href":"https:\/\/macii.uaz.edu.mx\/index.php?rest_route=\/wp\/v2\/users\/1"}],"replies":[{"embeddable":true,"href":"https:\/\/macii.uaz.edu.mx\/index.php?rest_route=%2Fwp%2Fv2%2Fcomments&post=224"}],"version-history":[{"count":7,"href":"https:\/\/macii.uaz.edu.mx\/index.php?rest_route=\/wp\/v2\/pages\/224\/revisions"}],"predecessor-version":[{"id":243,"href":"https:\/\/macii.uaz.edu.mx\/index.php?rest_route=\/wp\/v2\/pages\/224\/revisions\/243"}],"wp:attachment":[{"href":"https:\/\/macii.uaz.edu.mx\/index.php?rest_route=%2Fwp%2Fv2%2Fmedia&parent=224"}],"curies":[{"name":"wp","href":"https:\/\/api.w.org\/{rel}","templated":true}]}}