{"id":203,"date":"2025-10-01T14:15:17","date_gmt":"2025-10-01T20:15:17","guid":{"rendered":"https:\/\/macii.uaz.edu.mx\/?page_id=203"},"modified":"2025-10-01T14:21:45","modified_gmt":"2025-10-01T20:21:45","slug":"plan-de-estudios-erca","status":"publish","type":"page","link":"https:\/\/macii.uaz.edu.mx\/?page_id=203","title":{"rendered":"Plan de Estudios ERCA"},"content":{"rendered":"\t\t<div data-elementor-type=\"wp-page\" data-elementor-id=\"203\" class=\"elementor elementor-203\">\n\t\t\t\t<div class=\"elementor-element elementor-element-dce80d3 e-flex e-con-boxed e-con e-parent\" data-id=\"dce80d3\" data-element_type=\"container\" data-e-type=\"container\">\n\t\t\t\t\t<div class=\"e-con-inner\">\n\t\t\t\t<div class=\"elementor-element elementor-element-aedc00f elementor-widget elementor-widget-heading\" data-id=\"aedc00f\" data-element_type=\"widget\" data-e-type=\"widget\" data-widget_type=\"heading.default\">\n\t\t\t\t\t<h2 class=\"elementor-heading-title elementor-size-default\">Plan de Estudios ERCA<\/h2>\t\t\t\t<\/div>\n\t\t\t\t<div class=\"elementor-element elementor-element-0691d2e elementor-widget-divider--view-line elementor-widget elementor-widget-divider\" data-id=\"0691d2e\" data-element_type=\"widget\" data-e-type=\"widget\" data-widget_type=\"divider.default\">\n\t\t\t\t\t\t\t<div class=\"elementor-divider\">\n\t\t\t<span class=\"elementor-divider-separator\">\n\t\t\t\t\t\t<\/span>\n\t\t<\/div>\n\t\t\t\t\t\t<\/div>\n\t\t\t\t\t<\/div>\n\t\t\t\t<\/div>\n\t\t<div class=\"elementor-element elementor-element-ec73848 e-flex e-con-boxed e-con e-parent\" data-id=\"ec73848\" data-element_type=\"container\" data-e-type=\"container\">\n\t\t\t\t\t<div class=\"e-con-inner\">\n\t\t\t\t<div class=\"elementor-element elementor-element-8638ae5 elementor-widget elementor-widget-text-editor\" data-id=\"8638ae5\" data-element_type=\"widget\" data-e-type=\"widget\" data-widget_type=\"text-editor.default\">\n\t\t\t\t\t\t\t\t\t<p>Plan de Estudios para la Orientaci\u00f3n de Energ\u00edas Renovables y Ciencias Ambientales (ERCA)<\/p><div class=\"list-group\"><p>Cursos Avanzados<\/p><div class=\"list-group-item\"><ul><li type=\"disc\">Matem\u00e1ticas Superiores<\/li><\/ul><\/div><p>Cursos Complementarios<\/p><div class=\"list-group-item\"><ul><li type=\"disc\">F\u00edsica del estado s\u00f3lido<\/li><li type=\"disc\">Fuentes Alternas de Energ\u00eda<\/li><\/ul><\/div><p>T\u00f3picos Selectos<\/p><div class=\"list-group-item\"><ul><li type=\"disc\">An\u00e1lisis y dise\u00f1o de Experimentos<\/li><li type=\"disc\">Calidad y Ahorro de la Energ\u00eda<\/li><li type=\"disc\">Calidad, Ahorro y Eficiencia de la Energ\u00eda El\u00e9ctrica<\/li><li type=\"disc\">Caracterizaci\u00f3n de Materiales<\/li><li type=\"disc\">Cin\u00e9tica de Procesos<\/li><li type=\"disc\">Dise\u00f1o de Sistemas de Generaci\u00f3n No Convencionales<\/li><li type=\"disc\">Estructura y Propiedades de los materiales<\/li><li type=\"disc\">Electroqu\u00edmica<\/li><li type=\"disc\">Fen\u00f3menos de Transporte<\/li><li type=\"disc\">Fisicoqu\u00edmica de Materiales<\/li><li type=\"disc\">Mec\u00e1nica de Fluidos<\/li><li type=\"disc\">M\u00e9todos de Elementos Finitos<\/li><li type=\"disc\">Sensores electroqu\u00edmicos.<\/li><li type=\"disc\">Sistemas de Generaci\u00f3n y Distribuci\u00f3n de Energ\u00eda El\u00e9ctrica<\/li><li type=\"disc\">T\u00e9cnicas Avanzadas de Caracterizaci\u00f3n de Materiales<\/li><li type=\"disc\">Tecnolog\u00eda de Semiconductores<\/li><li type=\"disc\">Termograf\u00eda<\/li><\/ul><\/div><\/div>\t\t\t\t\t\t\t\t<\/div>\n\t\t\t\t\t<\/div>\n\t\t\t\t<\/div>\n\t\t\t\t<\/div>\n\t\t","protected":false},"excerpt":{"rendered":"<p>Plan de Estudios ERCA Plan de Estudios para la Orientaci\u00f3n de Energ\u00edas Renovables y Ciencias Ambientales (ERCA) Cursos Avanzados Matem\u00e1ticas Superiores Cursos Complementarios F\u00edsica del estado s\u00f3lido Fuentes Alternas de Energ\u00eda T\u00f3picos Selectos An\u00e1lisis y dise\u00f1o de Experimentos Calidad y Ahorro de la Energ\u00eda Calidad, Ahorro y Eficiencia de la Energ\u00eda El\u00e9ctrica Caracterizaci\u00f3n de Materiales <a class=\"read-more\" href=\"https:\/\/macii.uaz.edu.mx\/?page_id=203\">Read More<\/a><\/p>\n","protected":false},"author":1,"featured_media":0,"parent":0,"menu_order":0,"comment_status":"closed","ping_status":"closed","template":"","meta":{"footnotes":""},"class_list":["post-203","page","type-page","status-publish","hentry"],"_links":{"self":[{"href":"https:\/\/macii.uaz.edu.mx\/index.php?rest_route=\/wp\/v2\/pages\/203","targetHints":{"allow":["GET"]}}],"collection":[{"href":"https:\/\/macii.uaz.edu.mx\/index.php?rest_route=\/wp\/v2\/pages"}],"about":[{"href":"https:\/\/macii.uaz.edu.mx\/index.php?rest_route=\/wp\/v2\/types\/page"}],"author":[{"embeddable":true,"href":"https:\/\/macii.uaz.edu.mx\/index.php?rest_route=\/wp\/v2\/users\/1"}],"replies":[{"embeddable":true,"href":"https:\/\/macii.uaz.edu.mx\/index.php?rest_route=%2Fwp%2Fv2%2Fcomments&post=203"}],"version-history":[{"count":10,"href":"https:\/\/macii.uaz.edu.mx\/index.php?rest_route=\/wp\/v2\/pages\/203\/revisions"}],"predecessor-version":[{"id":213,"href":"https:\/\/macii.uaz.edu.mx\/index.php?rest_route=\/wp\/v2\/pages\/203\/revisions\/213"}],"wp:attachment":[{"href":"https:\/\/macii.uaz.edu.mx\/index.php?rest_route=%2Fwp%2Fv2%2Fmedia&parent=203"}],"curies":[{"name":"wp","href":"https:\/\/api.w.org\/{rel}","templated":true}]}}