{"id":193,"date":"2025-10-01T14:12:40","date_gmt":"2025-10-01T20:12:40","guid":{"rendered":"https:\/\/macii.uaz.edu.mx\/?page_id=193"},"modified":"2025-10-01T14:14:02","modified_gmt":"2025-10-01T20:14:02","slug":"lgac-erca","status":"publish","type":"page","link":"https:\/\/macii.uaz.edu.mx\/?page_id=193","title":{"rendered":"LGAC ERCA"},"content":{"rendered":"\t\t<div data-elementor-type=\"wp-page\" data-elementor-id=\"193\" class=\"elementor elementor-193\">\n\t\t\t\t<div class=\"elementor-element elementor-element-c27994b e-flex e-con-boxed e-con e-parent\" data-id=\"c27994b\" data-element_type=\"container\" data-e-type=\"container\">\n\t\t\t\t\t<div class=\"e-con-inner\">\n\t\t\t\t<div class=\"elementor-element elementor-element-c987089 elementor-widget elementor-widget-heading\" data-id=\"c987089\" data-element_type=\"widget\" data-e-type=\"widget\" data-widget_type=\"heading.default\">\n\t\t\t\t\t<h2 class=\"elementor-heading-title elementor-size-default\">LGAC ERCA<\/h2>\t\t\t\t<\/div>\n\t\t\t\t<div class=\"elementor-element elementor-element-ccd6658 elementor-widget-divider--view-line elementor-widget elementor-widget-divider\" data-id=\"ccd6658\" data-element_type=\"widget\" data-e-type=\"widget\" data-widget_type=\"divider.default\">\n\t\t\t\t\t\t\t<div class=\"elementor-divider\">\n\t\t\t<span class=\"elementor-divider-separator\">\n\t\t\t\t\t\t<\/span>\n\t\t<\/div>\n\t\t\t\t\t\t<\/div>\n\t\t\t\t\t<\/div>\n\t\t\t\t<\/div>\n\t\t<div class=\"elementor-element elementor-element-6d4f67d e-flex e-con-boxed e-con e-parent\" data-id=\"6d4f67d\" data-element_type=\"container\" data-e-type=\"container\">\n\t\t\t\t\t<div class=\"e-con-inner\">\n\t\t\t\t<div class=\"elementor-element elementor-element-db1d5ae elementor-widget elementor-widget-text-editor\" data-id=\"db1d5ae\" data-element_type=\"widget\" data-e-type=\"widget\" data-widget_type=\"text-editor.default\">\n\t\t\t\t\t\t\t\t\t<h3><strong>L\u00ednea de Investigaci\u00f3n General<\/strong><\/h3><ul><li>Energ\u00edas Alternas y Mejoramiento Ambiental<\/li><\/ul><h3><strong>L\u00edneas de Investigaci\u00f3n Particulares<\/strong><\/h3><ul><li>Sistemas Fotovoltaicos y E\u00f3licos,<\/li><li>Ahorro de Energ\u00eda El\u00e9ctrica,<\/li><li>Materiales Fotovoltaicos,<\/li><li>Ingenier\u00eda en Celdas Solares,<\/li><li>S\u00edntesis y caracterizaci\u00f3n de materiales, fotocalisis, energ\u00edas renovables y remediaci\u00f3n ambiental,<\/li><li>Modelos de membrana, fabricaci\u00f3n aditiva (nanomateriales y procesamiento de im\u00e1genes),<\/li><li>Simulaci\u00f3n, an\u00e1lisis y dise\u00f1o de equipo t\u00e9rmico,<\/li><li>S\u00edntesis de materiales avanzados para la producci\u00f3n de compuestos qu\u00edmicos de alto valor agregado y descontaminaci\u00f3n de agua,<\/li><li>Qu\u00edmica te\u00f3rica y computacional, dise\u00f1o de nuevas estructuras moleculares y mecanismos de reacci\u00f3n.<\/li><\/ul>\t\t\t\t\t\t\t\t<\/div>\n\t\t\t\t\t<\/div>\n\t\t\t\t<\/div>\n\t\t\t\t<\/div>\n\t\t","protected":false},"excerpt":{"rendered":"<p>LGAC ERCA L\u00ednea de Investigaci\u00f3n General Energ\u00edas Alternas y Mejoramiento Ambiental L\u00edneas de Investigaci\u00f3n Particulares Sistemas Fotovoltaicos y E\u00f3licos, Ahorro de Energ\u00eda El\u00e9ctrica, Materiales Fotovoltaicos, Ingenier\u00eda en Celdas Solares, S\u00edntesis y caracterizaci\u00f3n de materiales, fotocalisis, energ\u00edas renovables y remediaci\u00f3n ambiental, Modelos de membrana, fabricaci\u00f3n aditiva (nanomateriales y procesamiento de im\u00e1genes), Simulaci\u00f3n, an\u00e1lisis y dise\u00f1o de <a class=\"read-more\" href=\"https:\/\/macii.uaz.edu.mx\/?page_id=193\">Read More<\/a><\/p>\n","protected":false},"author":1,"featured_media":0,"parent":0,"menu_order":0,"comment_status":"closed","ping_status":"closed","template":"","meta":{"footnotes":""},"class_list":["post-193","page","type-page","status-publish","hentry"],"_links":{"self":[{"href":"https:\/\/macii.uaz.edu.mx\/index.php?rest_route=\/wp\/v2\/pages\/193","targetHints":{"allow":["GET"]}}],"collection":[{"href":"https:\/\/macii.uaz.edu.mx\/index.php?rest_route=\/wp\/v2\/pages"}],"about":[{"href":"https:\/\/macii.uaz.edu.mx\/index.php?rest_route=\/wp\/v2\/types\/page"}],"author":[{"embeddable":true,"href":"https:\/\/macii.uaz.edu.mx\/index.php?rest_route=\/wp\/v2\/users\/1"}],"replies":[{"embeddable":true,"href":"https:\/\/macii.uaz.edu.mx\/index.php?rest_route=%2Fwp%2Fv2%2Fcomments&post=193"}],"version-history":[{"count":7,"href":"https:\/\/macii.uaz.edu.mx\/index.php?rest_route=\/wp\/v2\/pages\/193\/revisions"}],"predecessor-version":[{"id":200,"href":"https:\/\/macii.uaz.edu.mx\/index.php?rest_route=\/wp\/v2\/pages\/193\/revisions\/200"}],"wp:attachment":[{"href":"https:\/\/macii.uaz.edu.mx\/index.php?rest_route=%2Fwp%2Fv2%2Fmedia&parent=193"}],"curies":[{"name":"wp","href":"https:\/\/api.w.org\/{rel}","templated":true}]}}