{"id":167,"date":"2025-10-01T11:49:40","date_gmt":"2025-10-01T17:49:40","guid":{"rendered":"https:\/\/macii.uaz.edu.mx\/?page_id=167"},"modified":"2025-10-01T11:50:53","modified_gmt":"2025-10-01T17:50:53","slug":"requisitos-de-egreso","status":"publish","type":"page","link":"https:\/\/macii.uaz.edu.mx\/?page_id=167","title":{"rendered":"Requisitos de Egreso"},"content":{"rendered":"\t\t<div data-elementor-type=\"wp-page\" data-elementor-id=\"167\" class=\"elementor elementor-167\">\n\t\t\t\t<div class=\"elementor-element elementor-element-4a03ab2 e-flex e-con-boxed e-con e-parent\" data-id=\"4a03ab2\" data-element_type=\"container\" data-e-type=\"container\">\n\t\t\t\t\t<div class=\"e-con-inner\">\n\t\t\t\t<div class=\"elementor-element elementor-element-6d6af55 elementor-widget elementor-widget-heading\" data-id=\"6d6af55\" data-element_type=\"widget\" data-e-type=\"widget\" data-widget_type=\"heading.default\">\n\t\t\t\t\t<h2 class=\"elementor-heading-title elementor-size-default\">Requisitos de Egreso<\/h2>\t\t\t\t<\/div>\n\t\t\t\t<div class=\"elementor-element elementor-element-5279aae elementor-widget-divider--view-line elementor-widget elementor-widget-divider\" data-id=\"5279aae\" data-element_type=\"widget\" data-e-type=\"widget\" data-widget_type=\"divider.default\">\n\t\t\t\t\t\t\t<div class=\"elementor-divider\">\n\t\t\t<span class=\"elementor-divider-separator\">\n\t\t\t\t\t\t<\/span>\n\t\t<\/div>\n\t\t\t\t\t\t<\/div>\n\t\t\t\t\t<\/div>\n\t\t\t\t<\/div>\n\t\t<div class=\"elementor-element elementor-element-fa44ffc e-flex e-con-boxed e-con e-parent\" data-id=\"fa44ffc\" data-element_type=\"container\" data-e-type=\"container\">\n\t\t\t\t\t<div class=\"e-con-inner\">\n\t\t\t\t<div class=\"elementor-element elementor-element-198497c elementor-widget elementor-widget-text-editor\" data-id=\"198497c\" data-element_type=\"widget\" data-e-type=\"widget\" data-widget_type=\"text-editor.default\">\n\t\t\t\t\t\t\t\t\t<p>Para obtener el grado de Maestro en Ciencias de la Ingenier\u00eda, ser\u00e1 necesario:<\/p><ul><li>Haber cursado y acreditado satisfactoriamente todas las asignaturas y seminarios de Investigaci\u00f3n del Programa.<\/li><li>Haber realizado un proyecto de tesis original e in\u00e9dito.<\/li><li>Donaci\u00f3n de un libro especializado de una lista pre-definida.<\/li><li>Haber publicado al menos un producto cient\u00edfico de relevancia relacionado con su proyecto de tesis en alguna de las siguientes opciones:<ol><li>Registro de una patente (documentada por el examen de forma aprobado por el Instituto Mexicano de Propiedad Intelectual (IMPI).<\/li><li>Publicaci\u00f3n de un articulo indizado como autor o coautor, relacionado con el tema de investigaci\u00f3n.<\/li><li>Asistir a un congreso nacional o internacional arbitrado como ponente, evidenciando con constancia de asistencia y copia de la publicaci\u00f3n de la memoria en extenso (este articulo ser\u00e1 \u00fanicamente valido para un solo alumno).<\/li><\/ol><\/li><li>Haber escrito el documento de tesis en el formato establecido por el programa, mismo que deber\u00e1 ser revisado y aprobado por los directores de tesis.<\/li><li>Opcionalmente se podr\u00e1 presentar un pre-examen de maestr\u00eda ante el Comit\u00e9 de Evaluaci\u00f3n formado por cinco sinodales, propuestos por el Director de tesis y avalado por el Coordinador de la Maestr\u00eda, el cual se puede presentar cuando se ha alcanzado un avance en la escritura de tesis del 100% y concluido seminario de investigaci\u00f3n II. El pre-examen de maestr\u00eda deber\u00e1 basarse en el trabajo de investigaci\u00f3n, y el objetivo del examen ser\u00e1 realizar observaciones y correcciones al documento de tesis.<\/li><li>Aprobar el Examen de Grado, mediante la defensa oral de la tesis en examen abierto ante el Comit\u00e9 de Tutorial formado por cinco sinodales, propuestos por el Director de tesis y avalado por el Coordinador de la Maestr\u00eda. Para realizar la solicitud de Examen de Grado en los t\u00e9rminos que establece el Programa de Posgrado del \u00e1rea de Ingenier\u00eda, el Candidato debe contar con todos los votos aprobatorios de todos los miembros del Jurado de Maestr\u00eda referentes a su trabajo de Tesis.<\/li><li>Haber acumulado un m\u00ednimo de 120 cr\u00e9ditos.<\/li><li>Obtener 500 puntos en el examen de ingles TOEFL.<\/li><li>Los alumnos que no se graduaron en tiempo (2.5 a\u00f1os) podr\u00e1n pedir una prorroga para realizar la defensa de su tesis.<\/li><\/ul>\t\t\t\t\t\t\t\t<\/div>\n\t\t\t\t\t<\/div>\n\t\t\t\t<\/div>\n\t\t\t\t<\/div>\n\t\t","protected":false},"excerpt":{"rendered":"<p>Requisitos de Egreso Para obtener el grado de Maestro en Ciencias de la Ingenier\u00eda, ser\u00e1 necesario: Haber cursado y acreditado satisfactoriamente todas las asignaturas y seminarios de Investigaci\u00f3n del Programa. Haber realizado un proyecto de tesis original e in\u00e9dito. Donaci\u00f3n de un libro especializado de una lista pre-definida. Haber publicado al menos un producto cient\u00edfico <a class=\"read-more\" href=\"https:\/\/macii.uaz.edu.mx\/?page_id=167\">Read More<\/a><\/p>\n","protected":false},"author":1,"featured_media":0,"parent":0,"menu_order":0,"comment_status":"closed","ping_status":"closed","template":"","meta":{"footnotes":""},"class_list":["post-167","page","type-page","status-publish","hentry"],"_links":{"self":[{"href":"https:\/\/macii.uaz.edu.mx\/index.php?rest_route=\/wp\/v2\/pages\/167","targetHints":{"allow":["GET"]}}],"collection":[{"href":"https:\/\/macii.uaz.edu.mx\/index.php?rest_route=\/wp\/v2\/pages"}],"about":[{"href":"https:\/\/macii.uaz.edu.mx\/index.php?rest_route=\/wp\/v2\/types\/page"}],"author":[{"embeddable":true,"href":"https:\/\/macii.uaz.edu.mx\/index.php?rest_route=\/wp\/v2\/users\/1"}],"replies":[{"embeddable":true,"href":"https:\/\/macii.uaz.edu.mx\/index.php?rest_route=%2Fwp%2Fv2%2Fcomments&post=167"}],"version-history":[{"count":7,"href":"https:\/\/macii.uaz.edu.mx\/index.php?rest_route=\/wp\/v2\/pages\/167\/revisions"}],"predecessor-version":[{"id":174,"href":"https:\/\/macii.uaz.edu.mx\/index.php?rest_route=\/wp\/v2\/pages\/167\/revisions\/174"}],"wp:attachment":[{"href":"https:\/\/macii.uaz.edu.mx\/index.php?rest_route=%2Fwp%2Fv2%2Fmedia&parent=167"}],"curies":[{"name":"wp","href":"https:\/\/api.w.org\/{rel}","templated":true}]}}