{"id":150,"date":"2025-10-01T11:44:57","date_gmt":"2025-10-01T17:44:57","guid":{"rendered":"https:\/\/macii.uaz.edu.mx\/?page_id=150"},"modified":"2025-10-01T11:49:07","modified_gmt":"2025-10-01T17:49:07","slug":"requisitos-de-ingreso","status":"publish","type":"page","link":"https:\/\/macii.uaz.edu.mx\/?page_id=150","title":{"rendered":"Requisitos de Ingreso"},"content":{"rendered":"\t\t<div data-elementor-type=\"wp-page\" data-elementor-id=\"150\" class=\"elementor elementor-150\">\n\t\t\t\t<div class=\"elementor-element elementor-element-b03d589 e-flex e-con-boxed e-con e-parent\" data-id=\"b03d589\" data-element_type=\"container\" data-e-type=\"container\">\n\t\t\t\t\t<div class=\"e-con-inner\">\n\t\t\t\t<div class=\"elementor-element elementor-element-44eb88b elementor-widget elementor-widget-heading\" data-id=\"44eb88b\" data-element_type=\"widget\" data-e-type=\"widget\" data-widget_type=\"heading.default\">\n\t\t\t\t\t<h2 class=\"elementor-heading-title elementor-size-default\">Requisitos de Ingreso<\/h2>\t\t\t\t<\/div>\n\t\t\t\t<div class=\"elementor-element elementor-element-be81d29 elementor-widget-divider--view-line elementor-widget elementor-widget-divider\" data-id=\"be81d29\" data-element_type=\"widget\" data-e-type=\"widget\" data-widget_type=\"divider.default\">\n\t\t\t\t\t\t\t<div class=\"elementor-divider\">\n\t\t\t<span class=\"elementor-divider-separator\">\n\t\t\t\t\t\t<\/span>\n\t\t<\/div>\n\t\t\t\t\t\t<\/div>\n\t\t\t\t\t<\/div>\n\t\t\t\t<\/div>\n\t\t<div class=\"elementor-element elementor-element-b1e778a e-flex e-con-boxed e-con e-parent\" data-id=\"b1e778a\" data-element_type=\"container\" data-e-type=\"container\">\n\t\t\t\t\t<div class=\"e-con-inner\">\n\t\t\t\t<div class=\"elementor-element elementor-element-cbc4853 elementor-widget elementor-widget-text-editor\" data-id=\"cbc4853\" data-element_type=\"widget\" data-e-type=\"widget\" data-widget_type=\"text-editor.default\">\n\t\t\t\t\t\t\t\t\t<ul><li>Solicitar el ingreso de acuerdo a la convocatoria correspondiente emitida por la instituci\u00f3n.<\/li><li>Haber obtenido el grado de licenciatura, con promedio m\u00ednimo de 8 en escala de 0 a 10 o su equivalente, en cualquier \u00e1rea de la ingenier\u00eda o \u00e1reas afines.<\/li><li>Mostrar evidencia de lectura y comprensi\u00f3n de documentos en idioma ingles haber obtenido 450 puntos en el examen de ingles TOEFL o su equivalente.<\/li><li>Aprobar las asignaturas del curso proped\u00e9utico programado con promedio m\u00ednimo de 8 (ocho), en escala de 0 a 10. Para aspirantes extranjeros residentes fuera del pa\u00eds podr\u00e1n sustituir la aprobaci\u00f3n del curso proped\u00e9utico por un puntaje arriba de 140 del examen GRE (Graduate Record Exam) o la aprobaci\u00f3n de un examen de conocimientos de los temas del curso que ser\u00e1 programado dentro de los tiempos de admisi\u00f3n.\u00a0<strong>Nota<\/strong>: Por cuestiones de pandemia el Curso Proped\u00e9utico puede ser cubierto con el aval del Comit\u00e9 de Ingreso (Punto 8 de estos requisitos).<\/li><\/ul><ul><li>Presentar el examen EXANI-III del CENEVAL y obtener un puntaje m\u00ednimo de 1000 puntos. Contar con cartas de recomendaci\u00f3n de dos investigadores, en el formato establecido por el Programa.<\/li><li>Los alumnos de tiempo completo deber\u00e1n presentar una carta compromiso de dedicaci\u00f3n de tiempo completo y exclusivo a la realizaci\u00f3n de estudios de maestr\u00eda.<\/li><li>Un Comit\u00e9 de Ingreso de cada orientaci\u00f3n dar\u00e1 una recomendaci\u00f3n de aceptaci\u00f3n o rechazo del aspirante al Programa de Maestr\u00eda basado en una entrevista para establecer si el interesado posee el perfil para realizar el trabajo de investigaci\u00f3n en el \u00e1rea elegida. Para aspirantes residentes en el extranjero la entrevista se har\u00e1 mediante el medio electr\u00f3nico que el Comit\u00e9 de Ingreso considere adecuado.<\/li><li>Los estudiantes aceptados deber\u00e1n cumplir con los requisitos y tiempos establecidos por el Departamento de Servicios Escolares de la UAZ: Fotograf\u00edas, examen medico, pago de cuota de inscripci\u00f3n y de materias, etc. Una vez cumplidos los requisitos anteriores, el alumno deber\u00e1 contar con un tema de tesis enmarcado en un proyecto vigente de alguno de los profesores investigadores del posgrado.<\/li><\/ul>\t\t\t\t\t\t\t\t<\/div>\n\t\t\t\t\t<\/div>\n\t\t\t\t<\/div>\n\t\t\t\t<\/div>\n\t\t","protected":false},"excerpt":{"rendered":"<p>Requisitos de Ingreso Solicitar el ingreso de acuerdo a la convocatoria correspondiente emitida por la instituci\u00f3n. Haber obtenido el grado de licenciatura, con promedio m\u00ednimo de 8 en escala de 0 a 10 o su equivalente, en cualquier \u00e1rea de la ingenier\u00eda o \u00e1reas afines. Mostrar evidencia de lectura y comprensi\u00f3n de documentos en idioma <a class=\"read-more\" href=\"https:\/\/macii.uaz.edu.mx\/?page_id=150\">Read More<\/a><\/p>\n","protected":false},"author":1,"featured_media":0,"parent":0,"menu_order":0,"comment_status":"closed","ping_status":"closed","template":"","meta":{"footnotes":""},"class_list":["post-150","page","type-page","status-publish","hentry"],"_links":{"self":[{"href":"https:\/\/macii.uaz.edu.mx\/index.php?rest_route=\/wp\/v2\/pages\/150","targetHints":{"allow":["GET"]}}],"collection":[{"href":"https:\/\/macii.uaz.edu.mx\/index.php?rest_route=\/wp\/v2\/pages"}],"about":[{"href":"https:\/\/macii.uaz.edu.mx\/index.php?rest_route=\/wp\/v2\/types\/page"}],"author":[{"embeddable":true,"href":"https:\/\/macii.uaz.edu.mx\/index.php?rest_route=\/wp\/v2\/users\/1"}],"replies":[{"embeddable":true,"href":"https:\/\/macii.uaz.edu.mx\/index.php?rest_route=%2Fwp%2Fv2%2Fcomments&post=150"}],"version-history":[{"count":16,"href":"https:\/\/macii.uaz.edu.mx\/index.php?rest_route=\/wp\/v2\/pages\/150\/revisions"}],"predecessor-version":[{"id":166,"href":"https:\/\/macii.uaz.edu.mx\/index.php?rest_route=\/wp\/v2\/pages\/150\/revisions\/166"}],"wp:attachment":[{"href":"https:\/\/macii.uaz.edu.mx\/index.php?rest_route=%2Fwp%2Fv2%2Fmedia&parent=150"}],"curies":[{"name":"wp","href":"https:\/\/api.w.org\/{rel}","templated":true}]}}