{"id":138,"date":"2025-10-01T11:40:30","date_gmt":"2025-10-01T17:40:30","guid":{"rendered":"https:\/\/macii.uaz.edu.mx\/?page_id=138"},"modified":"2025-10-01T11:43:24","modified_gmt":"2025-10-01T17:43:24","slug":"infraestructura","status":"publish","type":"page","link":"https:\/\/macii.uaz.edu.mx\/?page_id=138","title":{"rendered":"Infraestructura"},"content":{"rendered":"\t\t<div data-elementor-type=\"wp-page\" data-elementor-id=\"138\" class=\"elementor elementor-138\">\n\t\t\t\t<div class=\"elementor-element elementor-element-02e81f3 e-flex e-con-boxed e-con e-parent\" data-id=\"02e81f3\" data-element_type=\"container\" data-e-type=\"container\">\n\t\t\t\t\t<div class=\"e-con-inner\">\n\t\t\t\t<div class=\"elementor-element elementor-element-81c0a28 elementor-widget elementor-widget-heading\" data-id=\"81c0a28\" data-element_type=\"widget\" data-e-type=\"widget\" data-widget_type=\"heading.default\">\n\t\t\t\t\t<h2 class=\"elementor-heading-title elementor-size-default\">Infraestructura<\/h2>\t\t\t\t<\/div>\n\t\t\t\t<div class=\"elementor-element elementor-element-a66c4c4 elementor-widget-divider--view-line elementor-widget elementor-widget-divider\" data-id=\"a66c4c4\" data-element_type=\"widget\" data-e-type=\"widget\" data-widget_type=\"divider.default\">\n\t\t\t\t\t\t\t<div class=\"elementor-divider\">\n\t\t\t<span class=\"elementor-divider-separator\">\n\t\t\t\t\t\t<\/span>\n\t\t<\/div>\n\t\t\t\t\t\t<\/div>\n\t\t\t\t\t<\/div>\n\t\t\t\t<\/div>\n\t\t<div class=\"elementor-element elementor-element-b1e649f e-flex e-con-boxed e-con e-parent\" data-id=\"b1e649f\" data-element_type=\"container\" data-e-type=\"container\">\n\t\t\t\t\t<div class=\"e-con-inner\">\n\t\t\t\t<div class=\"elementor-element elementor-element-50ac328 elementor-widget elementor-widget-text-editor\" data-id=\"50ac328\" data-element_type=\"widget\" data-e-type=\"widget\" data-widget_type=\"text-editor.default\">\n\t\t\t\t\t\t\t\t\t<p align=\"justify\">La Maestr\u00eda en Ciencias de la Ingenier\u00eda (MACII) es un programa de \u00c1rea de Ingenier\u00eda en la que colaboran PTC de diferentes Unidades Acad\u00e9micas (Ciencias Qu\u00edmicas,\u00a0 Ingenier\u00eda El\u00e9ctrica e Ingenier\u00eda). Cada Unidad Acad\u00e9mica participante en el Programa MACII cuenta con diferentes \u00e1reas como son: cub\u00edculos, aulas, centros de c\u00f3mputo, audiovisuales, laboratorios y biblioteca, para el soporte del programa de Posgrado.<\/p><p align=\"justify\">En la Unidad Acad\u00e9mica de Ingenier\u00eda El\u00e9ctrica, donde est\u00e1 la Coordinaci\u00f3n de la MACII, cuenta con nuevas instalaciones. Teni\u00e9ndose habilitado aulas de uso exclusivo con buena iluminaci\u00f3n natural y ventilaci\u00f3n,\u00a0con capacidad para quince personas; todas equipadas con mobiliario adecuado, sistema de proyecci\u00f3n fijo y acceso a internet. Las aulas y oficinas tanto administrativas de la MACII como de una parte de los PTCs est\u00e1n ubicadas en el mismo edificio. Adem\u00e1s, se cuenta con aulas que pueden ser compartidas por el Programa de Ingenier\u00eda de Software y el de Ingenier\u00eda en Computaci\u00f3n. La Unidad Acad\u00e9mica de Ingenier\u00eda El\u00e9ctrica, a la que pertenece la MACII, cuenta con dos auditorios, uno con capacidad para setenta personas y otro para cien personas.\u00a0En el campus donde esta el nuevo edificio exclusivo para el\u00a0posgrado se cuentan con dos audiovisuales que comparte\u00a0la\u00a0Unidades Acad\u00e9micas de Ciencias Qu\u00edmicas y el Programa de\u00a0Computaci\u00f3n con el Posgrado\u00a0. En el mismo edificio est\u00e1 ubicado un espacio para una parte de los estudiantes, con capacidad para diez. Cada cub\u00edculo est\u00e1 compuesto por un escritorio, peque\u00f1o librero, silla, equipo de c\u00f3mputo y acceso a internet inal\u00e1mbrico. En ese mismo espacio se tienen dos impresoras de uso com\u00fan para los estudiantes. Adicionalmente la MACII cuenta con dos sistemas de proyecci\u00f3n, una laptop e impresora multifuncional para uso general. Por \u00faltimo, MACII cuenta con una oficina administrativa adecuadamente equipada.\u00a0<\/p><p align=\"justify\">En cada una de las Unidades, los alumnos cuentan con un cub\u00edculo compuesto por una mesa de trabajo, silla, equipo de c\u00f3mputo y acceso a internet inal\u00e1mbrico.<\/p><p align=\"justify\">As\u00ed como tambi\u00e9n los PTC adscritos a cada una de la Unidad cuentan con oficinas individuales equipadas con computadora, laptop, impresoras multifuncionales, sillas, escritorio, pizarr\u00f3n, tel\u00e9fono y acceso a internet (inal\u00e1mbrico y al\u00e1mbrico).<\/p><p align=\"justify\">Se cuentan con centros de c\u00f3mputo y biblioteca en cada una de las unidades.<\/p><p align=\"justify\">Varios laboratorios por cada una de las LGAC del programa.<\/p>\t\t\t\t\t\t\t\t<\/div>\n\t\t\t\t\t<\/div>\n\t\t\t\t<\/div>\n\t\t\t\t<\/div>\n\t\t","protected":false},"excerpt":{"rendered":"<p>Infraestructura La Maestr\u00eda en Ciencias de la Ingenier\u00eda (MACII) es un programa de \u00c1rea de Ingenier\u00eda en la que colaboran PTC de diferentes Unidades Acad\u00e9micas (Ciencias Qu\u00edmicas,\u00a0 Ingenier\u00eda El\u00e9ctrica e Ingenier\u00eda). Cada Unidad Acad\u00e9mica participante en el Programa MACII cuenta con diferentes \u00e1reas como son: cub\u00edculos, aulas, centros de c\u00f3mputo, audiovisuales, laboratorios y biblioteca, para <a class=\"read-more\" href=\"https:\/\/macii.uaz.edu.mx\/?page_id=138\">Read More<\/a><\/p>\n","protected":false},"author":1,"featured_media":0,"parent":0,"menu_order":0,"comment_status":"closed","ping_status":"closed","template":"","meta":{"footnotes":""},"class_list":["post-138","page","type-page","status-publish","hentry"],"_links":{"self":[{"href":"https:\/\/macii.uaz.edu.mx\/index.php?rest_route=\/wp\/v2\/pages\/138","targetHints":{"allow":["GET"]}}],"collection":[{"href":"https:\/\/macii.uaz.edu.mx\/index.php?rest_route=\/wp\/v2\/pages"}],"about":[{"href":"https:\/\/macii.uaz.edu.mx\/index.php?rest_route=\/wp\/v2\/types\/page"}],"author":[{"embeddable":true,"href":"https:\/\/macii.uaz.edu.mx\/index.php?rest_route=\/wp\/v2\/users\/1"}],"replies":[{"embeddable":true,"href":"https:\/\/macii.uaz.edu.mx\/index.php?rest_route=%2Fwp%2Fv2%2Fcomments&post=138"}],"version-history":[{"count":10,"href":"https:\/\/macii.uaz.edu.mx\/index.php?rest_route=\/wp\/v2\/pages\/138\/revisions"}],"predecessor-version":[{"id":148,"href":"https:\/\/macii.uaz.edu.mx\/index.php?rest_route=\/wp\/v2\/pages\/138\/revisions\/148"}],"wp:attachment":[{"href":"https:\/\/macii.uaz.edu.mx\/index.php?rest_route=%2Fwp%2Fv2%2Fmedia&parent=138"}],"curies":[{"name":"wp","href":"https:\/\/api.w.org\/{rel}","templated":true}]}}