{"id":126,"date":"2025-10-01T11:29:04","date_gmt":"2025-10-01T17:29:04","guid":{"rendered":"https:\/\/macii.uaz.edu.mx\/?page_id=126"},"modified":"2025-10-01T11:36:36","modified_gmt":"2025-10-01T17:36:36","slug":"materias","status":"publish","type":"page","link":"https:\/\/macii.uaz.edu.mx\/?page_id=126","title":{"rendered":"Materias"},"content":{"rendered":"\t\t<div data-elementor-type=\"wp-page\" data-elementor-id=\"126\" class=\"elementor elementor-126\">\n\t\t\t\t<div class=\"elementor-element elementor-element-4b2c74e e-flex e-con-boxed e-con e-parent\" data-id=\"4b2c74e\" data-element_type=\"container\" data-e-type=\"container\">\n\t\t\t\t\t<div class=\"e-con-inner\">\n\t\t\t\t<div class=\"elementor-element elementor-element-c888592 elementor-widget elementor-widget-heading\" data-id=\"c888592\" data-element_type=\"widget\" data-e-type=\"widget\" data-widget_type=\"heading.default\">\n\t\t\t\t\t<h2 class=\"elementor-heading-title elementor-size-default\">Materias<\/h2>\t\t\t\t<\/div>\n\t\t\t\t<div class=\"elementor-element elementor-element-f191583 elementor-widget-divider--view-line elementor-widget elementor-widget-divider\" data-id=\"f191583\" data-element_type=\"widget\" data-e-type=\"widget\" data-widget_type=\"divider.default\">\n\t\t\t\t\t\t\t<div class=\"elementor-divider\">\n\t\t\t<span class=\"elementor-divider-separator\">\n\t\t\t\t\t\t<\/span>\n\t\t<\/div>\n\t\t\t\t\t\t<\/div>\n\t\t<div class=\"elementor-element elementor-element-6883308 e-con-full e-flex e-con e-child\" data-id=\"6883308\" data-element_type=\"container\" data-e-type=\"container\">\n\t\t<div class=\"elementor-element elementor-element-e2ff5dd e-grid e-con-full e-con e-child\" data-id=\"e2ff5dd\" data-element_type=\"container\" data-e-type=\"container\">\n\t\t\t\t<div class=\"elementor-element elementor-element-5d66df7 elementor-widget elementor-widget-text-editor\" data-id=\"5d66df7\" data-element_type=\"widget\" data-e-type=\"widget\" data-widget_type=\"text-editor.default\">\n\t\t\t\t\t\t\t\t\t<div class=\"elementor-element elementor-element-ebf547b elementor-widget elementor-widget-text-editor\" data-id=\"ebf547b\" data-element_type=\"widget\" data-widget_type=\"text-editor.default\"><div class=\"elementor-widget-container\"><p>Cursos avanzados<\/p><ul><li type=\"disc\">C\u00e1lculo Avanzado<\/li><li type=\"disc\">Matem\u00e1ticas Avanzadas<\/li><\/ul><\/div><\/div><div class=\"elementor-element elementor-element-1511084 elementor-widget elementor-widget-text-editor\" data-id=\"1511084\" data-element_type=\"widget\" data-widget_type=\"text-editor.default\"><div class=\"elementor-widget-container\"><p>T\u00f3picos selectos<\/p><ul><li type=\"disc\">An\u00e1lisis y dise\u00f1o de Experimentos<\/li><li type=\"disc\">Calidad y Ahorro de la Energ\u00eda<\/li><li type=\"disc\">Calidad, Ahorro y Eficiencia de la Energ\u00eda El\u00e9ctrica<\/li><li type=\"disc\">Caracterizaci\u00f3n de Materiales<\/li><li type=\"disc\">Nanomateriales y Materiales Avanzados<\/li><li type=\"disc\">Dise\u00f1o de Sistemas de Generaci\u00f3n No Convencionales<\/li><li type=\"disc\">Estructura y Propiedades de los Materiales<\/li><li type=\"disc\">Qu\u00edmica Computacional<\/li><li type=\"disc\">Fen\u00f3menos de Transporte<\/li><li type=\"disc\">Fisicoqu\u00edmica de Materiales<\/li><li type=\"disc\">Mec\u00e1nica de Fluidos<\/li><li type=\"disc\">M\u00e9todos de Elementos Finitos<\/li><li type=\"disc\">Qu\u00edmica Avanzada<\/li><li type=\"disc\">Sistemas de Teneraci\u00f3n y Tistribuci\u00f3n de Energ\u00eda El\u00e9ctrica<\/li><li type=\"disc\">T\u00e9cnicas Avanzadas de Caracterizaci\u00f3n de Materiales<\/li><li type=\"disc\">Tecnolog\u00eda de Semiconductores<\/li><li type=\"disc\">Procesos de Adsorci\u00f3n<\/li><li type=\"disc\"><p>Cin\u00e9tica de Procesos Qu\u00edmicos<\/p><\/li><li type=\"disc\">Biomecatr\u00f3nica<\/li><li type=\"disc\">Optomecatr\u00f3nica<\/li><li type=\"disc\">Dise\u00f1o Electr\u00f3nico Avanzado<\/li><li type=\"disc\">Dise\u00f1o Mec\u00e1nico<\/li><li type=\"disc\">Dise\u00f1o Mecatr\u00f3nico<\/li><li type=\"disc\">Matem\u00e1ticas Discretas<\/li><li type=\"disc\">M\u00e9todos Modernos de An\u00e1lisis Espectral<\/li><li type=\"disc\">M\u00e9todos Num\u00e9ricos Avanzados<\/li><li type=\"disc\">\u00d3ptica F\u00edsica<\/li><li type=\"disc\">Procesamiento Digital de Im\u00e1genes<\/li><li type=\"disc\">Procesos Estoc\u00e1sticos y Optimizaci\u00f3n<\/li><li type=\"disc\">Programaci\u00f3n Avanzada<\/li><li type=\"disc\">Redes Neuronales<\/li><li type=\"disc\">Sistemas Lineales<\/li><li type=\"disc\">T\u00e9cnicas \u00d3pticas de Medici\u00f3n<\/li><li type=\"disc\">Teor\u00eda del Color.<\/li><li type=\"disc\">T\u00f3picos Selectos Especializados<\/li><\/ul><\/div><\/div><div class=\"elementor-element elementor-element-01739df elementor-widget elementor-widget-text-editor\" data-id=\"01739df\" data-element_type=\"widget\" data-widget_type=\"text-editor.default\"><div class=\"elementor-widget-container\"><p>Seminarios<\/p><p>Seminario de Metodolog\u00eda de la Investigaci\u00f3n I<\/p><p>Seminario de Investigaci\u00f3n I<\/p><p>Seminario de Investigaci\u00f3n II<\/p><\/div><\/div>\t\t\t\t\t\t\t\t<\/div>\n\t\t\t\t<div class=\"elementor-element elementor-element-711a392 elementor-widget elementor-widget-text-editor\" data-id=\"711a392\" data-element_type=\"widget\" data-e-type=\"widget\" data-widget_type=\"text-editor.default\">\n\t\t\t\t\t\t\t\t\t<div class=\"elementor-element elementor-element-7634add elementor-widget elementor-widget-text-editor\" data-id=\"7634add\" data-element_type=\"widget\" data-widget_type=\"text-editor.default\"><div class=\"elementor-widget-container\"><p>Cursos complementarios<\/p><ul><li type=\"disc\">Termodin\u00e1mica Avanzada<\/li><li type=\"disc\">Fuentes Alternas de Energ\u00eda<\/li><li type=\"disc\">Se\u00f1ales y Sistemas<\/li><\/ul><\/div><\/div><div class=\"elementor-element elementor-element-67c86f1 elementor-widget elementor-widget-text-editor\" data-id=\"67c86f1\" data-element_type=\"widget\" data-widget_type=\"text-editor.default\"><div class=\"elementor-widget-container\"><p>T\u00f3picos de especializaci\u00f3n<\/p><ul><li type=\"disc\">Cat\u00e1lisis<\/li><li type=\"disc\">Instrumentaci\u00f3n Virtual<\/li><li type=\"disc\">Din\u00e1mica Molecular<\/li><li type=\"disc\">Energ\u00eda E\u00f3lica<\/li><li type=\"disc\">Energ\u00eda Solar<\/li><li type=\"disc\">Fotocat\u00e1lisis Heterog\u00e9nea<\/li><li type=\"disc\">Generadores E\u00f3licos de Baja Potencia<\/li><li type=\"disc\">Ingenier\u00eda de Control<\/li><li type=\"disc\">Ingenier\u00eda de Reactores Qu\u00edmicos<\/li><li type=\"disc\">Mercado Energ\u00e9tico Nacional e Internacional<\/li><li type=\"disc\">Introducci\u00f3n a procesos qu\u00edmicos y ambientales<\/li><li type=\"disc\">Oxidaci\u00f3n en Fase Acuosa<\/li><li type=\"disc\">Pel\u00edculas Delgadas<\/li><li type=\"disc\">Procesos Avanzados de Oxidaci\u00f3n<\/li><li type=\"disc\">Propiedades de los S\u00f3lidos<\/li><li type=\"disc\">Reactores de Lecho Fluidizado<\/li><li type=\"disc\">Sistemas de Control Aplicados a Energ\u00edas Alternas<\/li><li type=\"disc\">Tecnolog\u00edas de Eficiencia Energ\u00e9tica Residencial, Industrial y Comercial<\/li><li type=\"disc\">Termodin\u00e1mica Estad\u00edstica<\/li><li type=\"disc\">Modelado y Simulaci\u00f3n de Sistemas<\/li><li type=\"disc\">Control Inteligente<\/li><li type=\"disc\">Control Digital<\/li><li type=\"disc\">Curso Avanzado de Procesamiento de Voz<\/li><li type=\"disc\">Estimaci\u00f3n de Estados \u00d3ptimos<\/li><li type=\"disc\">Microcontroladores<\/li><li type=\"disc\">\u00d3ptica<\/li><li type=\"disc\">Programaci\u00f3n de Dispositivos M\u00f3viles<\/li><li type=\"disc\">Procesos de Manufactura Avanzada<\/li><li type=\"disc\">Procesamiento de Se\u00f1ales \u00d3pticas<\/li><li type=\"disc\">Problemas inversos: Identificaci\u00f3n y Deconvoluci\u00f3n<\/li><li type=\"disc\">Procesamiento de Se\u00f1ales Adaptable<\/li><li type=\"disc\">Rob\u00f3tica<\/li><li type=\"disc\">Sistemas Embebidos<\/li><li type=\"disc\">Tema Especial<\/li><li type=\"disc\">Visi\u00f3n Artificial (con Sistemas Embebidos)<\/li><\/ul><\/div><\/div>\t\t\t\t\t\t\t\t<\/div>\n\t\t\t\t<\/div>\n\t\t\t\t<\/div>\n\t\t\t\t<div class=\"elementor-element elementor-element-e1a48cc elementor-widget-divider--view-line elementor-widget elementor-widget-divider\" data-id=\"e1a48cc\" data-element_type=\"widget\" data-e-type=\"widget\" data-widget_type=\"divider.default\">\n\t\t\t\t\t\t\t<div class=\"elementor-divider\">\n\t\t\t<span class=\"elementor-divider-separator\">\n\t\t\t\t\t\t<\/span>\n\t\t<\/div>\n\t\t\t\t\t\t<\/div>\n\t\t\t\t\t<\/div>\n\t\t\t\t<\/div>\n\t\t\t\t<\/div>\n\t\t","protected":false},"excerpt":{"rendered":"<p>Materias Cursos avanzados C\u00e1lculo Avanzado Matem\u00e1ticas Avanzadas T\u00f3picos selectos An\u00e1lisis y dise\u00f1o de Experimentos Calidad y Ahorro de la Energ\u00eda Calidad, Ahorro y Eficiencia de la Energ\u00eda El\u00e9ctrica Caracterizaci\u00f3n de Materiales Nanomateriales y Materiales Avanzados Dise\u00f1o de Sistemas de Generaci\u00f3n No Convencionales Estructura y Propiedades de los Materiales Qu\u00edmica Computacional Fen\u00f3menos de Transporte Fisicoqu\u00edmica de <a class=\"read-more\" href=\"https:\/\/macii.uaz.edu.mx\/?page_id=126\">Read More<\/a><\/p>\n","protected":false},"author":1,"featured_media":0,"parent":0,"menu_order":0,"comment_status":"closed","ping_status":"closed","template":"","meta":{"footnotes":""},"class_list":["post-126","page","type-page","status-publish","hentry"],"_links":{"self":[{"href":"https:\/\/macii.uaz.edu.mx\/index.php?rest_route=\/wp\/v2\/pages\/126","targetHints":{"allow":["GET"]}}],"collection":[{"href":"https:\/\/macii.uaz.edu.mx\/index.php?rest_route=\/wp\/v2\/pages"}],"about":[{"href":"https:\/\/macii.uaz.edu.mx\/index.php?rest_route=\/wp\/v2\/types\/page"}],"author":[{"embeddable":true,"href":"https:\/\/macii.uaz.edu.mx\/index.php?rest_route=\/wp\/v2\/users\/1"}],"replies":[{"embeddable":true,"href":"https:\/\/macii.uaz.edu.mx\/index.php?rest_route=%2Fwp%2Fv2%2Fcomments&post=126"}],"version-history":[{"count":10,"href":"https:\/\/macii.uaz.edu.mx\/index.php?rest_route=\/wp\/v2\/pages\/126\/revisions"}],"predecessor-version":[{"id":136,"href":"https:\/\/macii.uaz.edu.mx\/index.php?rest_route=\/wp\/v2\/pages\/126\/revisions\/136"}],"wp:attachment":[{"href":"https:\/\/macii.uaz.edu.mx\/index.php?rest_route=%2Fwp%2Fv2%2Fmedia&parent=126"}],"curies":[{"name":"wp","href":"https:\/\/api.w.org\/{rel}","templated":true}]}}